{"id":1007605,"date":"2025-10-21T11:35:43","date_gmt":"2025-10-21T02:35:43","guid":{"rendered":"https:\/\/fujiarte.com\/?page_id=1007605"},"modified":"2026-02-13T14:01:19","modified_gmt":"2026-02-13T05:01:19","slug":"historico-medico","status":"publish","type":"page","link":"https:\/\/fujiarte.com\/en\/historico-medico\/","title":{"rendered":"Hist\u00f3rico M\u00e9dico"},"content":{"rendered":"\t\t<div data-elementor-type=\"wp-page\" data-elementor-id=\"1007605\" class=\"elementor elementor-1007605\" data-elementor-post-type=\"page\">\n\t\t\t\t<div class=\"elementor-element elementor-element-760f866 e-con-full e-flex wpr-particle-no wpr-jarallax-no wpr-parallax-no wpr-sticky-section-no wpr-equal-height-no e-con e-child\" data-id=\"760f866\" data-element_type=\"container\" data-e-type=\"container\" data-settings=\"{&quot;background_background&quot;:&quot;classic&quot;}\">\n\t\t<div class=\"elementor-element elementor-element-6b302d1 e-flex e-con-boxed wpr-particle-no wpr-jarallax-no wpr-parallax-no wpr-sticky-section-no wpr-equal-height-no e-con e-child\" data-id=\"6b302d1\" data-element_type=\"container\" data-e-type=\"container\">\n\t\t\t\t\t<div class=\"e-con-inner\">\n\t\t\t\t<div class=\"elementor-element elementor-element-1750ac1 elementor-widget elementor-widget-heading\" data-id=\"1750ac1\" data-element_type=\"widget\" data-e-type=\"widget\" data-widget_type=\"heading.default\">\n\t\t\t\t\t<h2 class=\"elementor-heading-title elementor-size-default\">Hist\u00f3rico M\u00e9dico<\/h2>\t\t\t\t<\/div>\n\t\t\t\t\t<\/div>\n\t\t\t\t<\/div>\n\t\t\t\t<\/div>\n\t\t\t\t<\/div>\n\t\t","protected":false},"excerpt":{"rendered":"<p>Hist\u00f3rico M\u00e9dico 1. J\u00e1 teve alguma doen\u00e7a grave? (\u4eca\u307e\u3067\u91cd\u3044\u75c5\u6c17\u306b\u304b\u304b\u3063\u305f\u3053\u3068\u306f\u3042\u308a\u307e\u3059\u304b\uff1f) SIM (\u306f\u3044) N\u00c3O (\u3044\u3044\u3048) Se sim, qual(is)? (\u8a73\u7d30) Quando? (\u3044\u3064) Send<\/p>\n","protected":false},"author":406197,"featured_media":0,"parent":0,"menu_order":0,"comment_status":"closed","ping_status":"closed","template":"","meta":{"_acf_changed":false,"footnotes":""},"class_list":["post-1007605","page","type-page","status-publish","hentry"],"acf":[],"_links":{"self":[{"href":"https:\/\/fujiarte.com\/en\/wp-json\/wp\/v2\/pages\/1007605","targetHints":{"allow":["GET"]}}],"collection":[{"href":"https:\/\/fujiarte.com\/en\/wp-json\/wp\/v2\/pages"}],"about":[{"href":"https:\/\/fujiarte.com\/en\/wp-json\/wp\/v2\/types\/page"}],"author":[{"embeddable":true,"href":"https:\/\/fujiarte.com\/en\/wp-json\/wp\/v2\/users\/406197"}],"replies":[{"embeddable":true,"href":"https:\/\/fujiarte.com\/en\/wp-json\/wp\/v2\/comments?post=1007605"}],"version-history":[{"count":0,"href":"https:\/\/fujiarte.com\/en\/wp-json\/wp\/v2\/pages\/1007605\/revisions"}],"wp:attachment":[{"href":"https:\/\/fujiarte.com\/en\/wp-json\/wp\/v2\/media?parent=1007605"}],"curies":[{"name":"wp","href":"https:\/\/api.w.org\/{rel}","templated":true}]}}