{"id":958706,"date":"2022-11-07T07:34:38","date_gmt":"2022-11-07T07:34:38","guid":{"rendered":"https:\/\/strategya.a2hosted.com\/?page_id=3"},"modified":"2026-04-01T04:21:02","modified_gmt":"2026-03-31T19:21:02","slug":"politica-de-privacidade","status":"publish","type":"page","link":"https:\/\/fujiarte.com\/ja\/politica-de-privacidade\/","title":{"rendered":"Pol\u00edtica de Privacidade"},"content":{"rendered":"\t\t<div data-elementor-type=\"wp-page\" data-elementor-id=\"958706\" class=\"elementor elementor-958706\" data-elementor-post-type=\"page\">\n\t\t\t\t<div class=\"elementor-element elementor-element-22b049ee e-flex e-con-boxed wpr-particle-no wpr-jarallax-no wpr-parallax-no wpr-sticky-section-no e-con e-parent\" data-id=\"22b049ee\" data-element_type=\"container\" data-e-type=\"container\">\n\t\t\t\t\t<div class=\"e-con-inner\">\n\t\t\t\t<div class=\"elementor-element elementor-element-33d9b5c elementor-widget elementor-widget-heading\" data-id=\"33d9b5c\" data-element_type=\"widget\" data-e-type=\"widget\" data-widget_type=\"heading.default\">\n\t\t\t\t\t<h2 class=\"elementor-heading-title elementor-size-default\">Pol\u00edtica de Privacidade<\/h2>\t\t\t\t<\/div>\n\t\t\t\t<div class=\"elementor-element elementor-element-7117000e elementor-widget elementor-widget-text-editor\" data-id=\"7117000e\" data-element_type=\"widget\" data-e-type=\"widget\" data-widget_type=\"text-editor.default\">\n\t\t\t\t\t\t\t\t\t<div class=\"fa-policy-page\">\n  <section class=\"fa-policy-hero\">\n    <span class=\"fa-policy-badge\">POL\u00cdTICA DE PRIVACIDADE<\/span>\n    <h1>Pol\u00edtica de Privacidade<\/h1>\n    <p>\n      A FUJIARTE Co., Ltd. reconhece a import\u00e2ncia da prote\u00e7\u00e3o e do gerenciamento\n      de informa\u00e7\u00f5es pessoais na presta\u00e7\u00e3o de servi\u00e7os relacionados a recursos humanos em geral.\n    <\/p>\n  <\/section>\n\n  <section class=\"fa-policy-intro-card\">\n    <p>\n      A FUJIARTE Co., Ltd. e seus colaboradores reconhecem a import\u00e2ncia da prote\u00e7\u00e3o e do gerenciamento de informa\u00e7\u00f5es pessoais na presta\u00e7\u00e3o de servi\u00e7os relacionados a recursos humanos em geral. Assim, a empresa cumpre rigorosamente as leis e regulamentos relacionados a informa\u00e7\u00f5es pessoais e estabelece a seguinte pol\u00edtica de privacidade. Ademais, a FUJIARTE Co., Ltd. declara a ado\u00e7\u00e3o e manuten\u00e7\u00e3o de medidas t\u00e9cnicas adequadas para a prote\u00e7\u00e3o dessas informa\u00e7\u00f5es.\n    <\/p>\n  <\/section>\n\n  <section class=\"fa-policy-principles\">\n    <div class=\"fa-policy-card\">\n      <div class=\"fa-policy-number\">1<\/div>\n      <div class=\"fa-policy-card-content\">\n        <h2>Prote\u00e7\u00e3o no uso de informa\u00e7\u00f5es pessoais<\/h2>\n        <p>\n          Ao realizar servi\u00e7os relacionados a recursos humanos, a FUJIARTE Co., Ltd. est\u00e1 comprometida com a prote\u00e7\u00e3o das informa\u00e7\u00f5es pessoais obtidas de seus clientes. A coleta, uso e fornecimento dessas informa\u00e7\u00f5es ser\u00e3o realizados dentro do devido escopo e prop\u00f3sito de utiliza\u00e7\u00e3o. A empresa tomar\u00e1 medidas para impedir o uso n\u00e3o autorizado por terceiros, buscando sempre ser uma empresa confi\u00e1vel perante a sociedade.\n        <\/p>\n      <\/div>\n    <\/div>\n\n    <div class=\"fa-policy-card\">\n      <div class=\"fa-policy-number\">2<\/div>\n      <div class=\"fa-policy-card-content\">\n        <h2>Seguran\u00e7a e preven\u00e7\u00e3o<\/h2>\n        <p>\n          A FUJIARTE Co., Ltd. melhorar\u00e1 continuamente seu sistema de seguran\u00e7a de informa\u00e7\u00f5es pessoais, prevenindo poss\u00edveis perdas ou danos, e adotar\u00e1 medidas corretivas referentes ao acesso ilegal e vazamento de informa\u00e7\u00f5es pessoais coletadas.\n        <\/p>\n      <\/div>\n    <\/div>\n\n    <div class=\"fa-policy-card\">\n      <div class=\"fa-policy-number\">3<\/div>\n      <div class=\"fa-policy-card-content\">\n        <h2>Atendimento a reclama\u00e7\u00f5es<\/h2>\n        <p>\n          A empresa atender\u00e1 de maneira apropriada e imediata a quaisquer reclama\u00e7\u00f5es relacionadas a informa\u00e7\u00f5es pessoais.\n        <\/p>\n      <\/div>\n    <\/div>\n\n    <div class=\"fa-policy-card\">\n      <div class=\"fa-policy-number\">4<\/div>\n      <div class=\"fa-policy-card-content\">\n        <h2>Conformidade legal<\/h2>\n        <p>\n          A FUJIARTE Co., Ltd. cumprir\u00e1 as leis de prote\u00e7\u00e3o de informa\u00e7\u00f5es pessoais, as diretrizes estabelecidas pelo governo e outras normas relacionadas a essas informa\u00e7\u00f5es.\n        <\/p>\n      <\/div>\n    <\/div>\n\n    <div class=\"fa-policy-card\">\n      <div class=\"fa-policy-number\">5<\/div>\n      <div class=\"fa-policy-card-content\">\n        <h2>Melhoria cont\u00ednua<\/h2>\n        <p>\n          Com base nas necessidades dos clientes e nas \u00faltimas tend\u00eancias em tecnologia da informa\u00e7\u00e3o, a empresa revisar\u00e1 as medidas de prote\u00e7\u00e3o de informa\u00e7\u00f5es pessoais de maneira oportuna e apropriada, implementando melhorias cont\u00ednuas.\n        <\/p>\n      <\/div>\n    <\/div>\n  <\/section>\n\n  <section class=\"fa-policy-info-card\">\n    <h2>Compromisso interno<\/h2>\n    <p>\n      Esta pol\u00edtica ser\u00e1 publicada internamente na empresa e divulgada a todos os funcion\u00e1rios. Al\u00e9m disso, a FUJIARTE Co., Ltd. se compromete a orientar e esclarecer cada funcion\u00e1rio sobre a pol\u00edtica de privacidade, bem como a aumentar a conscientiza\u00e7\u00e3o sobre a prote\u00e7\u00e3o de informa\u00e7\u00f5es pessoais.\n    <\/p>\n  <\/section>\n\n  <section class=\"fa-policy-meta-grid\">\n    <div class=\"fa-policy-meta-card\">\n      <h3>Data de elabora\u00e7\u00e3o<\/h3>\n      <p>1 de Outubro de 2011<\/p>\n    <\/div>\n\n    <div class=\"fa-policy-meta-card\">\n      <h3>Data de revis\u00e3o<\/h3>\n      <p>13 de Junho de 2023<\/p>\n    <\/div>\n\n    <div class=\"fa-policy-meta-card\">\n      <h3>Empresa<\/h3>\n      <p>FUJIARTE Co., Ltd.<\/p>\n    <\/div>\n\n    <div class=\"fa-policy-meta-card\">\n      <h3>Presidente e CEO<\/h3>\n      <p>Hirao Takashi<\/p>\n    <\/div>\n  <\/section>\n\n  <section class=\"fa-policy-contact-card\">\n    <span class=\"fa-policy-contact-label\">Contato<\/span>\n    <h2>Consultas e reclama\u00e7\u00f5es sobre o manuseio de informa\u00e7\u00f5es pessoais<\/h2>\n    <p>\n      Para consultas e reclama\u00e7\u00f5es sobre o manuseio de informa\u00e7\u00f5es de dados pessoais da empresa, favor entrar em contato:\n    <\/p>\n\n    <div class=\"fa-policy-contact-box\">\n      <p><strong>FUJIARTE Co., Ltd.<\/strong><\/p>\n      <p><strong>Respons\u00e1vel pela prote\u00e7\u00e3o de informa\u00e7\u00f5es pessoais<\/strong><br>Shinji Miyata<\/p>\n      <p><strong>Endere\u00e7o:<\/strong> \u3012552-0003 Osaka-Shi Minato-Ku Isoji 1-6-19 FUJI BLDG.<\/p>\n      <p><strong>Tel:<\/strong> <a href=\"tel:0665723737\">06-6572-3737<\/a> (Seg. \u00e0 Sex. 9:00 \u00e0s 17:00)<\/p>\n      <p><strong>Fax:<\/strong> <a href=\"tel:0665731950\">06-6573-1950<\/a><\/p>\n      <p><strong>E-mail:<\/strong> <a href=\"mailto:info@fujiarte.co.jp\">info@fujiarte.co.jp<\/a><\/p>\n    <\/div>\n  <\/section>\n<\/div>\t\t\t\t\t\t\t\t<\/div>\n\t\t\t\t\t<\/div>\n\t\t\t\t<\/div>\n\t\t\t\t<\/div>\n\t\t","protected":false},"excerpt":{"rendered":"<p>Pol\u00edtica de Privacidade POL\u00cdTICA DE PRIVACIDADE Pol\u00edtica de Privacidade A FUJIARTE Co., Ltd. reconhece a import\u00e2ncia da prote\u00e7\u00e3o e do gerenciamento de informa\u00e7\u00f5es pessoais na presta\u00e7\u00e3o de servi\u00e7os relacionados a recursos humanos em geral. A FUJIARTE Co., Ltd. e seus colaboradores reconhecem a import\u00e2ncia da prote\u00e7\u00e3o e do gerenciamento de informa\u00e7\u00f5es pessoais na presta\u00e7\u00e3o de servi\u00e7os relacionados a recursos humanos em geral. Assim, a empresa cumpre rigorosamente as leis e regulamentos relacionados a informa\u00e7\u00f5es pessoais e estabelece a seguinte pol\u00edtica de privacidade. Ademais, a FUJIARTE Co., Ltd. declara a ado\u00e7\u00e3o e manuten\u00e7\u00e3o de medidas t\u00e9cnicas adequadas para a prote\u00e7\u00e3o dessas informa\u00e7\u00f5es. 1 Prote\u00e7\u00e3o no uso de informa\u00e7\u00f5es pessoais Ao realizar servi\u00e7os relacionados a recursos humanos, a FUJIARTE Co., Ltd. est\u00e1 comprometida com a prote\u00e7\u00e3o das informa\u00e7\u00f5es pessoais obtidas de seus clientes. A coleta, uso e fornecimento dessas informa\u00e7\u00f5es ser\u00e3o realizados dentro do devido escopo e prop\u00f3si<\/p>\n","protected":false},"author":406083,"featured_media":0,"parent":0,"menu_order":0,"comment_status":"closed","ping_status":"closed","template":"","meta":{"_acf_changed":false,"footnotes":""},"class_list":["post-958706","page","type-page","status-publish","hentry"],"acf":[],"_links":{"self":[{"href":"https:\/\/fujiarte.com\/ja\/wp-json\/wp\/v2\/pages\/958706","targetHints":{"allow":["GET"]}}],"collection":[{"href":"https:\/\/fujiarte.com\/ja\/wp-json\/wp\/v2\/pages"}],"about":[{"href":"https:\/\/fujiarte.com\/ja\/wp-json\/wp\/v2\/types\/page"}],"author":[{"embeddable":true,"href":"https:\/\/fujiarte.com\/ja\/wp-json\/wp\/v2\/users\/406083"}],"replies":[{"embeddable":true,"href":"https:\/\/fujiarte.com\/ja\/wp-json\/wp\/v2\/comments?post=958706"}],"version-history":[{"count":3,"href":"https:\/\/fujiarte.com\/ja\/wp-json\/wp\/v2\/pages\/958706\/revisions"}],"predecessor-version":[{"id":1014628,"href":"https:\/\/fujiarte.com\/ja\/wp-json\/wp\/v2\/pages\/958706\/revisions\/1014628"}],"wp:attachment":[{"href":"https:\/\/fujiarte.com\/ja\/wp-json\/wp\/v2\/media?parent=958706"}],"curies":[{"name":"wp","href":"https:\/\/api.w.org\/{rel}","templated":true}]}}